{"id":250,"date":"2024-09-24T19:09:34","date_gmt":"2024-09-24T17:09:34","guid":{"rendered":"https:\/\/www.cecileplaisance.com\/shop\/?post_type=product&#038;p=250"},"modified":"2026-03-06T20:53:07","modified_gmt":"2026-03-06T19:53:07","slug":"freedom-is-my-religion-book-2024","status":"publish","type":"product","link":"https:\/\/www.cecileplaisance.com\/shop\/produit\/freedom-is-my-religion-book-2024\/","title":{"rendered":"FREEDOM IS MY RELIGION BOOK 2024"},"content":{"rendered":"<h4 style=\"text-align: left;\"><img loading=\"lazy\" decoding=\"async\" class=\"alignnone size-large wp-image-251\" src=\"https:\/\/i0.wp.com\/www.cecileplaisance.com\/shop\/wp-content\/uploads\/COUVERTURE-LIVRE-FREEDOM-V2-IMG_6149-copie.jpg?resize=780%2C1024&#038;ssl=1\" alt=\"\" width=\"780\" height=\"1024\" srcset=\"https:\/\/i0.wp.com\/www.cecileplaisance.com\/shop\/wp-content\/uploads\/COUVERTURE-LIVRE-FREEDOM-V2-IMG_6149-copie-scaled.jpg?resize=780%2C1024&amp;ssl=1 780w, https:\/\/i0.wp.com\/www.cecileplaisance.com\/shop\/wp-content\/uploads\/COUVERTURE-LIVRE-FREEDOM-V2-IMG_6149-copie-scaled.jpg?resize=228%2C300&amp;ssl=1 228w, https:\/\/i0.wp.com\/www.cecileplaisance.com\/shop\/wp-content\/uploads\/COUVERTURE-LIVRE-FREEDOM-V2-IMG_6149-copie-scaled.jpg?resize=768%2C1008&amp;ssl=1 768w, https:\/\/i0.wp.com\/www.cecileplaisance.com\/shop\/wp-content\/uploads\/COUVERTURE-LIVRE-FREEDOM-V2-IMG_6149-copie-scaled.jpg?resize=470%2C617&amp;ssl=1 470w, https:\/\/i0.wp.com\/www.cecileplaisance.com\/shop\/wp-content\/uploads\/COUVERTURE-LIVRE-FREEDOM-V2-IMG_6149-copie-scaled.jpg?resize=1170%2C1536&amp;ssl=1 1170w, https:\/\/i0.wp.com\/www.cecileplaisance.com\/shop\/wp-content\/uploads\/COUVERTURE-LIVRE-FREEDOM-V2-IMG_6149-copie-scaled.jpg?resize=1560%2C2048&amp;ssl=1 1560w, https:\/\/i0.wp.com\/www.cecileplaisance.com\/shop\/wp-content\/uploads\/COUVERTURE-LIVRE-FREEDOM-V2-IMG_6149-copie-scaled.jpg?resize=460%2C604&amp;ssl=1 460w, https:\/\/i0.wp.com\/www.cecileplaisance.com\/shop\/wp-content\/uploads\/COUVERTURE-LIVRE-FREEDOM-V2-IMG_6149-copie-scaled.jpg?resize=442%2C580&amp;ssl=1 442w, https:\/\/i0.wp.com\/www.cecileplaisance.com\/shop\/wp-content\/uploads\/COUVERTURE-LIVRE-FREEDOM-V2-IMG_6149-copie-scaled.jpg?resize=762%2C1000&amp;ssl=1 762w, https:\/\/i0.wp.com\/www.cecileplaisance.com\/shop\/wp-content\/uploads\/COUVERTURE-LIVRE-FREEDOM-V2-IMG_6149-copie-scaled.jpg?resize=1320%2C1733&amp;ssl=1 1320w, https:\/\/i0.wp.com\/www.cecileplaisance.com\/shop\/wp-content\/uploads\/COUVERTURE-LIVRE-FREEDOM-V2-IMG_6149-copie-scaled.jpg?resize=600%2C788&amp;ssl=1 600w, https:\/\/i0.wp.com\/www.cecileplaisance.com\/shop\/wp-content\/uploads\/COUVERTURE-LIVRE-FREEDOM-V2-IMG_6149-copie-scaled.jpg?w=1950&amp;ssl=1 1950w\" sizes=\"auto, (max-width: 780px) 100vw, 780px\" data-recalc-dims=\"1\" \/><\/h4>\n<h3 style=\"text-align: left;\">CE LIVRE RETRACE LE TRAVAIL DE C\u00c9CILE PLAISANCE ENTRE 2021 ET 2024, REPRENANT L&#8217;ENSEMBLE DES SERIES AVEC LA MANNEQUIN BLUM, AINSI QUE LES S\u00c9RIES, ICONIC, SING ME A SONG, VALERIA&#8230; LES PHOTOS N&amp;B FAITES EN CORSE OU A HAWAI SONT AUSSI PRESENTENT ICI.<\/h3>\n<h3 style=\"text-align: left;\"><\/h3>\n<h3 style=\"text-align: left;\">This book recounts the work of C\u00e9cile Plaisance between 2021 and 2024, featuring all the series with the model Blum, as well as the series with Valeria, Iconic, Sing Me a Song&#8230; The black and white photos taken in Corsica or Hawaii are also included here.&#8221;<\/h3>\n<p>Edition: CDP 2024<br \/>\n<strong>Prix de vente 90 \u20ac TTC + frais de livraison<\/strong><\/p>\n<p>Available as well on Amazon :<\/p>\n<p><!--more--><\/p>\n","protected":false},"excerpt":{"rendered":"<p>CE LIVRE RETRACE LE TRAVAIL DE C\u00c9CILE PLAISANCE ENTRE 2021 ET 2024, REPRENANT L&#8217;ENSEMBLE DES SERIES AVEC LA MANNEQUIN BLUM, AINSI QUE LES S\u00c9RIES, ICONIC, SING ME A SONG, VALERIA&#8230; LES PHOTOS N&amp;B FAITES EN CORSE OU A HAWAI SONT AUSSI PRESENTENT ICI. This book recounts the work of C\u00e9cile Plaisance between 2021 and 2024, featuring all the series with&#8230;<\/p>\n","protected":false},"featured_media":254,"template":"","meta":{"spay_email":"","jetpack_publicize_message":"","jetpack_is_tweetstorm":false,"jetpack_publicize_feature_enabled":true},"product_cat":[17],"product_tag":[],"class_list":["post-250","product","type-product","status-publish","has-post-thumbnail","hentry","product_cat-non-classe"],"yoast_head":"<!-- This site is optimized with the Yoast SEO plugin v19.0 - https:\/\/yoast.com\/wordpress\/plugins\/seo\/ -->\n<title>FREEDOM IS MY RELIGION BOOK 2024 - C\u00e9cile Plaisance<\/title>\n<meta name=\"robots\" content=\"index, follow, max-snippet:-1, max-image-preview:large, max-video-preview:-1\" \/>\n<link rel=\"canonical\" href=\"https:\/\/www.cecileplaisance.com\/shop\/produit\/freedom-is-my-religion-book-2024\/\" \/>\n<meta property=\"og:locale\" content=\"fr_FR\" \/>\n<meta property=\"og:type\" content=\"article\" \/>\n<meta property=\"og:title\" content=\"FREEDOM IS MY RELIGION BOOK 2024 - C\u00e9cile Plaisance\" \/>\n<meta property=\"og:description\" content=\"CE LIVRE RETRACE LE TRAVAIL DE C\u00c9CILE PLAISANCE ENTRE 2021 ET 2024, REPRENANT L&#8217;ENSEMBLE DES SERIES AVEC LA MANNEQUIN BLUM, AINSI QUE LES S\u00c9RIES, ICONIC, SING ME A SONG, VALERIA&#8230; LES PHOTOS N&amp;B FAITES EN CORSE OU A HAWAI SONT AUSSI PRESENTENT ICI. This book recounts the work of C\u00e9cile Plaisance between 2021 and 2024, featuring all the series with...\" \/>\n<meta property=\"og:url\" content=\"https:\/\/www.cecileplaisance.com\/shop\/produit\/freedom-is-my-religion-book-2024\/\" \/>\n<meta property=\"og:site_name\" content=\"C\u00e9cile Plaisance\" \/>\n<meta property=\"article:modified_time\" content=\"2026-03-06T19:53:07+00:00\" \/>\n<meta property=\"og:image\" content=\"https:\/\/www.cecileplaisance.com\/shop\/wp-content\/uploads\/COUVERTURE-1000X1000IMG_6149-copie.jpg\" \/>\n\t<meta property=\"og:image:width\" content=\"1313\" \/>\n\t<meta property=\"og:image:height\" content=\"1313\" \/>\n\t<meta property=\"og:image:type\" content=\"image\/jpeg\" \/>\n<meta name=\"twitter:card\" content=\"summary_large_image\" \/>\n<meta name=\"twitter:label1\" content=\"Dur\u00e9e de lecture estim\u00e9e\" \/>\n\t<meta name=\"twitter:data1\" content=\"1 minute\" \/>\n<script type=\"application\/ld+json\" class=\"yoast-schema-graph\">{\"@context\":\"https:\/\/schema.org\",\"@graph\":[{\"@type\":\"WebSite\",\"@id\":\"https:\/\/www.cecileplaisance.com\/shop\/#website\",\"url\":\"https:\/\/www.cecileplaisance.com\/shop\/\",\"name\":\"C\u00e9cile Plaisance\",\"description\":\"Official Website\",\"potentialAction\":[{\"@type\":\"SearchAction\",\"target\":{\"@type\":\"EntryPoint\",\"urlTemplate\":\"https:\/\/www.cecileplaisance.com\/shop\/?s={search_term_string}\"},\"query-input\":\"required name=search_term_string\"}],\"inLanguage\":\"fr-FR\"},{\"@type\":\"ImageObject\",\"inLanguage\":\"fr-FR\",\"@id\":\"https:\/\/www.cecileplaisance.com\/shop\/produit\/freedom-is-my-religion-book-2024\/#primaryimage\",\"url\":\"https:\/\/i0.wp.com\/www.cecileplaisance.com\/shop\/wp-content\/uploads\/COUVERTURE-1000X1000IMG_6149-copie.jpg?fit=1313%2C1313&ssl=1\",\"contentUrl\":\"https:\/\/i0.wp.com\/www.cecileplaisance.com\/shop\/wp-content\/uploads\/COUVERTURE-1000X1000IMG_6149-copie.jpg?fit=1313%2C1313&ssl=1\",\"width\":1313,\"height\":1313},{\"@type\":\"WebPage\",\"@id\":\"https:\/\/www.cecileplaisance.com\/shop\/produit\/freedom-is-my-religion-book-2024\/#webpage\",\"url\":\"https:\/\/www.cecileplaisance.com\/shop\/produit\/freedom-is-my-religion-book-2024\/\",\"name\":\"FREEDOM IS MY RELIGION BOOK 2024 - C\u00e9cile Plaisance\",\"isPartOf\":{\"@id\":\"https:\/\/www.cecileplaisance.com\/shop\/#website\"},\"primaryImageOfPage\":{\"@id\":\"https:\/\/www.cecileplaisance.com\/shop\/produit\/freedom-is-my-religion-book-2024\/#primaryimage\"},\"datePublished\":\"2024-09-24T17:09:34+00:00\",\"dateModified\":\"2026-03-06T19:53:07+00:00\",\"breadcrumb\":{\"@id\":\"https:\/\/www.cecileplaisance.com\/shop\/produit\/freedom-is-my-religion-book-2024\/#breadcrumb\"},\"inLanguage\":\"fr-FR\",\"potentialAction\":[{\"@type\":\"ReadAction\",\"target\":[\"https:\/\/www.cecileplaisance.com\/shop\/produit\/freedom-is-my-religion-book-2024\/\"]}]},{\"@type\":\"BreadcrumbList\",\"@id\":\"https:\/\/www.cecileplaisance.com\/shop\/produit\/freedom-is-my-religion-book-2024\/#breadcrumb\",\"itemListElement\":[{\"@type\":\"ListItem\",\"position\":1,\"name\":\"Accueil\",\"item\":\"https:\/\/www.cecileplaisance.com\/shop\/\"},{\"@type\":\"ListItem\",\"position\":2,\"name\":\"FREEDOM IS MY RELIGION BOOK 2024\"}]}]}<\/script>\n<!-- \/ Yoast SEO plugin. -->","yoast_head_json":{"title":"FREEDOM IS MY RELIGION BOOK 2024 - C\u00e9cile Plaisance","robots":{"index":"index","follow":"follow","max-snippet":"max-snippet:-1","max-image-preview":"max-image-preview:large","max-video-preview":"max-video-preview:-1"},"canonical":"https:\/\/www.cecileplaisance.com\/shop\/produit\/freedom-is-my-religion-book-2024\/","og_locale":"fr_FR","og_type":"article","og_title":"FREEDOM IS MY RELIGION BOOK 2024 - C\u00e9cile Plaisance","og_description":"CE LIVRE RETRACE LE TRAVAIL DE C\u00c9CILE PLAISANCE ENTRE 2021 ET 2024, REPRENANT L&#8217;ENSEMBLE DES SERIES AVEC LA MANNEQUIN BLUM, AINSI QUE LES S\u00c9RIES, ICONIC, SING ME A SONG, VALERIA&#8230; LES PHOTOS N&amp;B FAITES EN CORSE OU A HAWAI SONT AUSSI PRESENTENT ICI. This book recounts the work of C\u00e9cile Plaisance between 2021 and 2024, featuring all the series with...","og_url":"https:\/\/www.cecileplaisance.com\/shop\/produit\/freedom-is-my-religion-book-2024\/","og_site_name":"C\u00e9cile Plaisance","article_modified_time":"2026-03-06T19:53:07+00:00","og_image":[{"width":1313,"height":1313,"url":"https:\/\/www.cecileplaisance.com\/shop\/wp-content\/uploads\/COUVERTURE-1000X1000IMG_6149-copie.jpg","type":"image\/jpeg"}],"twitter_card":"summary_large_image","twitter_misc":{"Dur\u00e9e de lecture estim\u00e9e":"1 minute"},"schema":{"@context":"https:\/\/schema.org","@graph":[{"@type":"WebSite","@id":"https:\/\/www.cecileplaisance.com\/shop\/#website","url":"https:\/\/www.cecileplaisance.com\/shop\/","name":"C\u00e9cile Plaisance","description":"Official Website","potentialAction":[{"@type":"SearchAction","target":{"@type":"EntryPoint","urlTemplate":"https:\/\/www.cecileplaisance.com\/shop\/?s={search_term_string}"},"query-input":"required name=search_term_string"}],"inLanguage":"fr-FR"},{"@type":"ImageObject","inLanguage":"fr-FR","@id":"https:\/\/www.cecileplaisance.com\/shop\/produit\/freedom-is-my-religion-book-2024\/#primaryimage","url":"https:\/\/i0.wp.com\/www.cecileplaisance.com\/shop\/wp-content\/uploads\/COUVERTURE-1000X1000IMG_6149-copie.jpg?fit=1313%2C1313&ssl=1","contentUrl":"https:\/\/i0.wp.com\/www.cecileplaisance.com\/shop\/wp-content\/uploads\/COUVERTURE-1000X1000IMG_6149-copie.jpg?fit=1313%2C1313&ssl=1","width":1313,"height":1313},{"@type":"WebPage","@id":"https:\/\/www.cecileplaisance.com\/shop\/produit\/freedom-is-my-religion-book-2024\/#webpage","url":"https:\/\/www.cecileplaisance.com\/shop\/produit\/freedom-is-my-religion-book-2024\/","name":"FREEDOM IS MY RELIGION BOOK 2024 - C\u00e9cile Plaisance","isPartOf":{"@id":"https:\/\/www.cecileplaisance.com\/shop\/#website"},"primaryImageOfPage":{"@id":"https:\/\/www.cecileplaisance.com\/shop\/produit\/freedom-is-my-religion-book-2024\/#primaryimage"},"datePublished":"2024-09-24T17:09:34+00:00","dateModified":"2026-03-06T19:53:07+00:00","breadcrumb":{"@id":"https:\/\/www.cecileplaisance.com\/shop\/produit\/freedom-is-my-religion-book-2024\/#breadcrumb"},"inLanguage":"fr-FR","potentialAction":[{"@type":"ReadAction","target":["https:\/\/www.cecileplaisance.com\/shop\/produit\/freedom-is-my-religion-book-2024\/"]}]},{"@type":"BreadcrumbList","@id":"https:\/\/www.cecileplaisance.com\/shop\/produit\/freedom-is-my-religion-book-2024\/#breadcrumb","itemListElement":[{"@type":"ListItem","position":1,"name":"Accueil","item":"https:\/\/www.cecileplaisance.com\/shop\/"},{"@type":"ListItem","position":2,"name":"FREEDOM IS MY RELIGION BOOK 2024"}]}]}},"_links":{"self":[{"href":"https:\/\/www.cecileplaisance.com\/shop\/wp-json\/wp\/v2\/product\/250","targetHints":{"allow":["GET"]}}],"collection":[{"href":"https:\/\/www.cecileplaisance.com\/shop\/wp-json\/wp\/v2\/product"}],"about":[{"href":"https:\/\/www.cecileplaisance.com\/shop\/wp-json\/wp\/v2\/types\/product"}],"wp:featuredmedia":[{"embeddable":true,"href":"https:\/\/www.cecileplaisance.com\/shop\/wp-json\/wp\/v2\/media\/254"}],"wp:attachment":[{"href":"https:\/\/www.cecileplaisance.com\/shop\/wp-json\/wp\/v2\/media?parent=250"}],"wp:term":[{"taxonomy":"product_cat","embeddable":true,"href":"https:\/\/www.cecileplaisance.com\/shop\/wp-json\/wp\/v2\/product_cat?post=250"},{"taxonomy":"product_tag","embeddable":true,"href":"https:\/\/www.cecileplaisance.com\/shop\/wp-json\/wp\/v2\/product_tag?post=250"}],"curies":[{"name":"wp","href":"https:\/\/api.w.org\/{rel}","templated":true}]}}