{"id":59,"date":"2022-06-02T14:56:09","date_gmt":"2022-06-02T12:56:09","guid":{"rendered":"https:\/\/www.cecileplaisance.com\/shop\/?post_type=product&#038;p=59"},"modified":"2026-01-04T13:23:52","modified_gmt":"2026-01-04T12:23:52","slug":"fuck-the-rules-2021-2","status":"publish","type":"product","link":"https:\/\/www.cecileplaisance.com\/shop\/produit\/fuck-the-rules-2021-2\/","title":{"rendered":"FUCK THE RULES 2021"},"content":{"rendered":"<p><img loading=\"lazy\" decoding=\"async\" class=\"alignleft size-full wp-image-49\" src=\"https:\/\/i0.wp.com\/www.cecileplaisance.com\/shop\/wp-content\/uploads\/fucktherules.jpg?resize=1000%2C1000&#038;ssl=1\" alt=\"\" width=\"1000\" height=\"1000\" srcset=\"https:\/\/i0.wp.com\/www.cecileplaisance.com\/shop\/wp-content\/uploads\/fucktherules.jpg?w=1000&amp;ssl=1 1000w, https:\/\/i0.wp.com\/www.cecileplaisance.com\/shop\/wp-content\/uploads\/fucktherules.jpg?resize=300%2C300&amp;ssl=1 300w, https:\/\/i0.wp.com\/www.cecileplaisance.com\/shop\/wp-content\/uploads\/fucktherules.jpg?resize=150%2C150&amp;ssl=1 150w, https:\/\/i0.wp.com\/www.cecileplaisance.com\/shop\/wp-content\/uploads\/fucktherules.jpg?resize=768%2C768&amp;ssl=1 768w, https:\/\/i0.wp.com\/www.cecileplaisance.com\/shop\/wp-content\/uploads\/fucktherules.jpg?resize=470%2C470&amp;ssl=1 470w, https:\/\/i0.wp.com\/www.cecileplaisance.com\/shop\/wp-content\/uploads\/fucktherules.jpg?resize=460%2C460&amp;ssl=1 460w, https:\/\/i0.wp.com\/www.cecileplaisance.com\/shop\/wp-content\/uploads\/fucktherules.jpg?resize=580%2C580&amp;ssl=1 580w, https:\/\/i0.wp.com\/www.cecileplaisance.com\/shop\/wp-content\/uploads\/fucktherules.jpg?resize=600%2C600&amp;ssl=1 600w, https:\/\/i0.wp.com\/www.cecileplaisance.com\/shop\/wp-content\/uploads\/fucktherules.jpg?resize=100%2C100&amp;ssl=1 100w\" sizes=\"auto, (max-width: 1000px) 100vw, 1000px\" data-recalc-dims=\"1\" \/><br \/>\nCe livre retrace le travail de C\u00e9cile Plaisance entre 2018 et 2021. On y retrouve les derni\u00e8res s\u00e9ries de l\u2019artiste, notamment la S\u00e9rie \u00ab Iconic \u00bb, qui reprend l\u2019image d\u2019une femme forte assumant ses choix et un code vestimentaire iconic.<br \/>\nSa s\u00e9rie Islande, premi\u00e8re concernant la d\u00e9fense des esp\u00e8ces en voie de disparition, est \u00e9galement pr\u00e9sente dans cet ouvrage. Ainsi que ces vues du ciel, disponibles \u00e0 la vente sur des planches de surf et synonyme de libert\u00e9.<\/p>\n<p><em><span style=\"color: #808080;\">This book traces the work of Cecile Plaisance between 2018 and 2021. It includes the artist&#8217;s latest series, including the &#8220;Iconic&#8221; Series, which takes up the image of a strong woman assuming her choices and an iconic dress code.<br \/>\nHer Iceland series, the first one concerning the defense of endangered species, is also present in this book. As well as these views from the sky, available for sale on surfboards and synonymous with freedom.<\/span><\/em><\/p>\n<p>Edition: CDP 2021<br \/>\n<strong>Prix de vente 70 \u20ac TTC + frais de livraison<\/strong><\/p>\n<p>Available as well on Amazon :<br \/>\n<a href=\"https:\/\/www.amazon.fr\/Fuck-Rules-Cecile-Plaisance\/dp\/2351301684\" target=\"_blank\" rel=\"noopener\">https:\/\/www.amazon.fr\/Fuck-Rules-Cecile-Plaisance\/dp\/2351301684<\/a><\/p>\n","protected":false},"excerpt":{"rendered":"<p>Ce livre retrace le travail de C\u00e9cile Plaisance entre 2018 et 2021. On y retrouve les derni\u00e8res s\u00e9ries de l\u2019artiste, notamment la S\u00e9rie \u00ab Iconic \u00bb, qui reprend l\u2019image d\u2019une femme forte assumant ses choix et un code vestimentaire iconic. Sa s\u00e9rie Islande, premi\u00e8re concernant la d\u00e9fense des esp\u00e8ces en voie de disparition, est \u00e9galement pr\u00e9sente dans cet ouvrage. Ainsi&#8230;<\/p>\n","protected":false},"featured_media":49,"template":"","meta":{"spay_email":"","jetpack_publicize_message":"","jetpack_is_tweetstorm":false,"jetpack_publicize_feature_enabled":true},"product_cat":[17],"product_tag":[],"class_list":["post-59","product","type-product","status-publish","has-post-thumbnail","hentry","product_cat-non-classe"],"yoast_head":"<!-- This site is optimized with the Yoast SEO plugin v19.0 - https:\/\/yoast.com\/wordpress\/plugins\/seo\/ -->\n<title>FUCK THE RULES 2021 - C\u00e9cile Plaisance<\/title>\n<meta name=\"robots\" content=\"index, follow, max-snippet:-1, max-image-preview:large, max-video-preview:-1\" \/>\n<link rel=\"canonical\" href=\"https:\/\/www.cecileplaisance.com\/shop\/produit\/fuck-the-rules-2021-2\/\" \/>\n<meta property=\"og:locale\" content=\"fr_FR\" \/>\n<meta property=\"og:type\" content=\"article\" \/>\n<meta property=\"og:title\" content=\"FUCK THE RULES 2021 - C\u00e9cile Plaisance\" \/>\n<meta property=\"og:description\" content=\"Ce livre retrace le travail de C\u00e9cile Plaisance entre 2018 et 2021. On y retrouve les derni\u00e8res s\u00e9ries de l\u2019artiste, notamment la S\u00e9rie \u00ab Iconic \u00bb, qui reprend l\u2019image d\u2019une femme forte assumant ses choix et un code vestimentaire iconic. Sa s\u00e9rie Islande, premi\u00e8re concernant la d\u00e9fense des esp\u00e8ces en voie de disparition, est \u00e9galement pr\u00e9sente dans cet ouvrage. Ainsi...\" \/>\n<meta property=\"og:url\" content=\"https:\/\/www.cecileplaisance.com\/shop\/produit\/fuck-the-rules-2021-2\/\" \/>\n<meta property=\"og:site_name\" content=\"C\u00e9cile Plaisance\" \/>\n<meta property=\"article:modified_time\" content=\"2026-01-04T12:23:52+00:00\" \/>\n<meta property=\"og:image\" content=\"https:\/\/www.cecileplaisance.com\/shop\/wp-content\/uploads\/fucktherules.jpg\" \/>\n\t<meta property=\"og:image:width\" content=\"1000\" \/>\n\t<meta property=\"og:image:height\" content=\"1000\" \/>\n\t<meta property=\"og:image:type\" content=\"image\/jpeg\" \/>\n<meta name=\"twitter:card\" content=\"summary_large_image\" \/>\n<meta name=\"twitter:label1\" content=\"Dur\u00e9e de lecture estim\u00e9e\" \/>\n\t<meta name=\"twitter:data1\" content=\"1 minute\" \/>\n<script type=\"application\/ld+json\" class=\"yoast-schema-graph\">{\"@context\":\"https:\/\/schema.org\",\"@graph\":[{\"@type\":\"WebSite\",\"@id\":\"https:\/\/www.cecileplaisance.com\/shop\/#website\",\"url\":\"https:\/\/www.cecileplaisance.com\/shop\/\",\"name\":\"C\u00e9cile Plaisance\",\"description\":\"Official Website\",\"potentialAction\":[{\"@type\":\"SearchAction\",\"target\":{\"@type\":\"EntryPoint\",\"urlTemplate\":\"https:\/\/www.cecileplaisance.com\/shop\/?s={search_term_string}\"},\"query-input\":\"required name=search_term_string\"}],\"inLanguage\":\"fr-FR\"},{\"@type\":\"ImageObject\",\"inLanguage\":\"fr-FR\",\"@id\":\"https:\/\/www.cecileplaisance.com\/shop\/produit\/fuck-the-rules-2021-2\/#primaryimage\",\"url\":\"https:\/\/i0.wp.com\/www.cecileplaisance.com\/shop\/wp-content\/uploads\/fucktherules.jpg?fit=1000%2C1000&ssl=1\",\"contentUrl\":\"https:\/\/i0.wp.com\/www.cecileplaisance.com\/shop\/wp-content\/uploads\/fucktherules.jpg?fit=1000%2C1000&ssl=1\",\"width\":1000,\"height\":1000},{\"@type\":\"WebPage\",\"@id\":\"https:\/\/www.cecileplaisance.com\/shop\/produit\/fuck-the-rules-2021-2\/#webpage\",\"url\":\"https:\/\/www.cecileplaisance.com\/shop\/produit\/fuck-the-rules-2021-2\/\",\"name\":\"FUCK THE RULES 2021 - C\u00e9cile Plaisance\",\"isPartOf\":{\"@id\":\"https:\/\/www.cecileplaisance.com\/shop\/#website\"},\"primaryImageOfPage\":{\"@id\":\"https:\/\/www.cecileplaisance.com\/shop\/produit\/fuck-the-rules-2021-2\/#primaryimage\"},\"datePublished\":\"2022-06-02T12:56:09+00:00\",\"dateModified\":\"2026-01-04T12:23:52+00:00\",\"breadcrumb\":{\"@id\":\"https:\/\/www.cecileplaisance.com\/shop\/produit\/fuck-the-rules-2021-2\/#breadcrumb\"},\"inLanguage\":\"fr-FR\",\"potentialAction\":[{\"@type\":\"ReadAction\",\"target\":[\"https:\/\/www.cecileplaisance.com\/shop\/produit\/fuck-the-rules-2021-2\/\"]}]},{\"@type\":\"BreadcrumbList\",\"@id\":\"https:\/\/www.cecileplaisance.com\/shop\/produit\/fuck-the-rules-2021-2\/#breadcrumb\",\"itemListElement\":[{\"@type\":\"ListItem\",\"position\":1,\"name\":\"Accueil\",\"item\":\"https:\/\/www.cecileplaisance.com\/shop\/\"},{\"@type\":\"ListItem\",\"position\":2,\"name\":\"FUCK THE RULES 2021\"}]}]}<\/script>\n<!-- \/ Yoast SEO plugin. -->","yoast_head_json":{"title":"FUCK THE RULES 2021 - C\u00e9cile Plaisance","robots":{"index":"index","follow":"follow","max-snippet":"max-snippet:-1","max-image-preview":"max-image-preview:large","max-video-preview":"max-video-preview:-1"},"canonical":"https:\/\/www.cecileplaisance.com\/shop\/produit\/fuck-the-rules-2021-2\/","og_locale":"fr_FR","og_type":"article","og_title":"FUCK THE RULES 2021 - C\u00e9cile Plaisance","og_description":"Ce livre retrace le travail de C\u00e9cile Plaisance entre 2018 et 2021. On y retrouve les derni\u00e8res s\u00e9ries de l\u2019artiste, notamment la S\u00e9rie \u00ab Iconic \u00bb, qui reprend l\u2019image d\u2019une femme forte assumant ses choix et un code vestimentaire iconic. Sa s\u00e9rie Islande, premi\u00e8re concernant la d\u00e9fense des esp\u00e8ces en voie de disparition, est \u00e9galement pr\u00e9sente dans cet ouvrage. Ainsi...","og_url":"https:\/\/www.cecileplaisance.com\/shop\/produit\/fuck-the-rules-2021-2\/","og_site_name":"C\u00e9cile Plaisance","article_modified_time":"2026-01-04T12:23:52+00:00","og_image":[{"width":1000,"height":1000,"url":"https:\/\/www.cecileplaisance.com\/shop\/wp-content\/uploads\/fucktherules.jpg","type":"image\/jpeg"}],"twitter_card":"summary_large_image","twitter_misc":{"Dur\u00e9e de lecture estim\u00e9e":"1 minute"},"schema":{"@context":"https:\/\/schema.org","@graph":[{"@type":"WebSite","@id":"https:\/\/www.cecileplaisance.com\/shop\/#website","url":"https:\/\/www.cecileplaisance.com\/shop\/","name":"C\u00e9cile Plaisance","description":"Official Website","potentialAction":[{"@type":"SearchAction","target":{"@type":"EntryPoint","urlTemplate":"https:\/\/www.cecileplaisance.com\/shop\/?s={search_term_string}"},"query-input":"required name=search_term_string"}],"inLanguage":"fr-FR"},{"@type":"ImageObject","inLanguage":"fr-FR","@id":"https:\/\/www.cecileplaisance.com\/shop\/produit\/fuck-the-rules-2021-2\/#primaryimage","url":"https:\/\/i0.wp.com\/www.cecileplaisance.com\/shop\/wp-content\/uploads\/fucktherules.jpg?fit=1000%2C1000&ssl=1","contentUrl":"https:\/\/i0.wp.com\/www.cecileplaisance.com\/shop\/wp-content\/uploads\/fucktherules.jpg?fit=1000%2C1000&ssl=1","width":1000,"height":1000},{"@type":"WebPage","@id":"https:\/\/www.cecileplaisance.com\/shop\/produit\/fuck-the-rules-2021-2\/#webpage","url":"https:\/\/www.cecileplaisance.com\/shop\/produit\/fuck-the-rules-2021-2\/","name":"FUCK THE RULES 2021 - C\u00e9cile Plaisance","isPartOf":{"@id":"https:\/\/www.cecileplaisance.com\/shop\/#website"},"primaryImageOfPage":{"@id":"https:\/\/www.cecileplaisance.com\/shop\/produit\/fuck-the-rules-2021-2\/#primaryimage"},"datePublished":"2022-06-02T12:56:09+00:00","dateModified":"2026-01-04T12:23:52+00:00","breadcrumb":{"@id":"https:\/\/www.cecileplaisance.com\/shop\/produit\/fuck-the-rules-2021-2\/#breadcrumb"},"inLanguage":"fr-FR","potentialAction":[{"@type":"ReadAction","target":["https:\/\/www.cecileplaisance.com\/shop\/produit\/fuck-the-rules-2021-2\/"]}]},{"@type":"BreadcrumbList","@id":"https:\/\/www.cecileplaisance.com\/shop\/produit\/fuck-the-rules-2021-2\/#breadcrumb","itemListElement":[{"@type":"ListItem","position":1,"name":"Accueil","item":"https:\/\/www.cecileplaisance.com\/shop\/"},{"@type":"ListItem","position":2,"name":"FUCK THE RULES 2021"}]}]}},"_links":{"self":[{"href":"https:\/\/www.cecileplaisance.com\/shop\/wp-json\/wp\/v2\/product\/59","targetHints":{"allow":["GET"]}}],"collection":[{"href":"https:\/\/www.cecileplaisance.com\/shop\/wp-json\/wp\/v2\/product"}],"about":[{"href":"https:\/\/www.cecileplaisance.com\/shop\/wp-json\/wp\/v2\/types\/product"}],"wp:featuredmedia":[{"embeddable":true,"href":"https:\/\/www.cecileplaisance.com\/shop\/wp-json\/wp\/v2\/media\/49"}],"wp:attachment":[{"href":"https:\/\/www.cecileplaisance.com\/shop\/wp-json\/wp\/v2\/media?parent=59"}],"wp:term":[{"taxonomy":"product_cat","embeddable":true,"href":"https:\/\/www.cecileplaisance.com\/shop\/wp-json\/wp\/v2\/product_cat?post=59"},{"taxonomy":"product_tag","embeddable":true,"href":"https:\/\/www.cecileplaisance.com\/shop\/wp-json\/wp\/v2\/product_tag?post=59"}],"curies":[{"name":"wp","href":"https:\/\/api.w.org\/{rel}","templated":true}]}}