{"id":60,"date":"2022-06-02T14:59:25","date_gmt":"2022-06-02T12:59:25","guid":{"rendered":"https:\/\/www.cecileplaisance.com\/shop\/?post_type=product&#038;p=60"},"modified":"2025-12-19T10:50:19","modified_gmt":"2025-12-19T09:50:19","slug":"into-the-wild-ed-2022","status":"publish","type":"product","link":"https:\/\/www.cecileplaisance.com\/shop\/produit\/into-the-wild-ed-2022\/","title":{"rendered":"Into the Wild 2022"},"content":{"rendered":"<p><img loading=\"lazy\" decoding=\"async\" class=\"alignleft size-large wp-image-61\" src=\"https:\/\/i0.wp.com\/www.cecileplaisance.com\/shop\/wp-content\/uploads\/couv-site-2000x2000-72dpi_DSC6698.jpg?resize=1000%2C1000&#038;ssl=1\" alt=\"\" width=\"1000\" height=\"1000\" srcset=\"https:\/\/i0.wp.com\/www.cecileplaisance.com\/shop\/wp-content\/uploads\/couv-site-2000x2000-72dpi_DSC6698.jpg?resize=1024%2C1024&amp;ssl=1 1024w, https:\/\/i0.wp.com\/www.cecileplaisance.com\/shop\/wp-content\/uploads\/couv-site-2000x2000-72dpi_DSC6698.jpg?resize=300%2C300&amp;ssl=1 300w, https:\/\/i0.wp.com\/www.cecileplaisance.com\/shop\/wp-content\/uploads\/couv-site-2000x2000-72dpi_DSC6698.jpg?resize=150%2C150&amp;ssl=1 150w, https:\/\/i0.wp.com\/www.cecileplaisance.com\/shop\/wp-content\/uploads\/couv-site-2000x2000-72dpi_DSC6698.jpg?resize=768%2C768&amp;ssl=1 768w, https:\/\/i0.wp.com\/www.cecileplaisance.com\/shop\/wp-content\/uploads\/couv-site-2000x2000-72dpi_DSC6698.jpg?resize=470%2C470&amp;ssl=1 470w, https:\/\/i0.wp.com\/www.cecileplaisance.com\/shop\/wp-content\/uploads\/couv-site-2000x2000-72dpi_DSC6698.jpg?resize=1536%2C1536&amp;ssl=1 1536w, https:\/\/i0.wp.com\/www.cecileplaisance.com\/shop\/wp-content\/uploads\/couv-site-2000x2000-72dpi_DSC6698.jpg?resize=460%2C460&amp;ssl=1 460w, https:\/\/i0.wp.com\/www.cecileplaisance.com\/shop\/wp-content\/uploads\/couv-site-2000x2000-72dpi_DSC6698.jpg?resize=580%2C580&amp;ssl=1 580w, https:\/\/i0.wp.com\/www.cecileplaisance.com\/shop\/wp-content\/uploads\/couv-site-2000x2000-72dpi_DSC6698.jpg?resize=1000%2C1000&amp;ssl=1 1000w, https:\/\/i0.wp.com\/www.cecileplaisance.com\/shop\/wp-content\/uploads\/couv-site-2000x2000-72dpi_DSC6698.jpg?resize=1320%2C1320&amp;ssl=1 1320w, https:\/\/i0.wp.com\/www.cecileplaisance.com\/shop\/wp-content\/uploads\/couv-site-2000x2000-72dpi_DSC6698.jpg?resize=600%2C600&amp;ssl=1 600w, https:\/\/i0.wp.com\/www.cecileplaisance.com\/shop\/wp-content\/uploads\/couv-site-2000x2000-72dpi_DSC6698.jpg?resize=100%2C100&amp;ssl=1 100w, https:\/\/i0.wp.com\/www.cecileplaisance.com\/shop\/wp-content\/uploads\/couv-site-2000x2000-72dpi_DSC6698.jpg?w=2000&amp;ssl=1 2000w\" sizes=\"auto, (max-width: 1000px) 100vw, 1000px\" data-recalc-dims=\"1\" \/><\/p>\n<p>C\u00e9cile Plaisance montre dans ce livre son engagement \u00e9cologique avec ses nouvelles s\u00e9ries de photographies en noir et blanc prises en Afrique du Sud et en Islande, o\u00f9 elle immerge avec justesse dans une nature malheureusement en danger, ses muses, Olga Kent ou Marisa Papen, libres et en parfaite osmose avec la faune sauvage.<\/p>\n<p><em><span style=\"color: #808080;\">C\u00e9cile Plaisance shows in this book her ecological commitment with her new series of photographs in black and white taken in South Africa and Iceland, where she immerses with accuracy in a nature unfortunately in danger, her muses, Olga Kent or Marisa Papen, free and in perfect osmosis with the wildlife.<\/span><\/em><\/p>\n<p><strong>Prix de vente 70 \u20ac TTC + frais de livraison<\/strong><\/p>\n","protected":false},"excerpt":{"rendered":"<p>C\u00e9cile Plaisance montre dans ce livre son engagement \u00e9cologique avec ses nouvelles s\u00e9ries de photographies en noir et blanc prises en Afrique du Sud et en Islande, o\u00f9 elle immerge avec justesse dans une nature malheureusement en danger, ses muses, Olga Kent ou Marisa Papen, libres et en parfaite osmose avec la faune sauvage. C\u00e9cile Plaisance shows in this book&#8230;<\/p>\n","protected":false},"featured_media":61,"template":"","meta":{"spay_email":"","jetpack_publicize_message":"","jetpack_is_tweetstorm":false,"jetpack_publicize_feature_enabled":true},"product_cat":[17],"product_tag":[],"class_list":["post-60","product","type-product","status-publish","has-post-thumbnail","hentry","product_cat-non-classe"],"yoast_head":"<!-- This site is optimized with the Yoast SEO plugin v19.0 - https:\/\/yoast.com\/wordpress\/plugins\/seo\/ -->\n<title>Into the Wild 2022 - C\u00e9cile Plaisance<\/title>\n<meta name=\"robots\" content=\"index, follow, max-snippet:-1, max-image-preview:large, max-video-preview:-1\" \/>\n<link rel=\"canonical\" href=\"https:\/\/www.cecileplaisance.com\/shop\/produit\/into-the-wild-ed-2022\/\" \/>\n<meta property=\"og:locale\" content=\"fr_FR\" \/>\n<meta property=\"og:type\" content=\"article\" \/>\n<meta property=\"og:title\" content=\"Into the Wild 2022 - C\u00e9cile Plaisance\" \/>\n<meta property=\"og:description\" content=\"C\u00e9cile Plaisance montre dans ce livre son engagement \u00e9cologique avec ses nouvelles s\u00e9ries de photographies en noir et blanc prises en Afrique du Sud et en Islande, o\u00f9 elle immerge avec justesse dans une nature malheureusement en danger, ses muses, Olga Kent ou Marisa Papen, libres et en parfaite osmose avec la faune sauvage. C\u00e9cile Plaisance shows in this book...\" \/>\n<meta property=\"og:url\" content=\"https:\/\/www.cecileplaisance.com\/shop\/produit\/into-the-wild-ed-2022\/\" \/>\n<meta property=\"og:site_name\" content=\"C\u00e9cile Plaisance\" \/>\n<meta property=\"article:modified_time\" content=\"2025-12-19T09:50:19+00:00\" \/>\n<meta property=\"og:image\" content=\"https:\/\/www.cecileplaisance.com\/shop\/wp-content\/uploads\/couv-site-2000x2000-72dpi_DSC6698-1024x1024.jpg\" \/>\n\t<meta property=\"og:image:width\" content=\"1024\" \/>\n\t<meta property=\"og:image:height\" content=\"1024\" \/>\n\t<meta property=\"og:image:type\" content=\"image\/jpeg\" \/>\n<meta name=\"twitter:card\" content=\"summary_large_image\" \/>\n<meta name=\"twitter:label1\" content=\"Dur\u00e9e de lecture estim\u00e9e\" \/>\n\t<meta name=\"twitter:data1\" content=\"1 minute\" \/>\n<script type=\"application\/ld+json\" class=\"yoast-schema-graph\">{\"@context\":\"https:\/\/schema.org\",\"@graph\":[{\"@type\":\"WebSite\",\"@id\":\"https:\/\/www.cecileplaisance.com\/shop\/#website\",\"url\":\"https:\/\/www.cecileplaisance.com\/shop\/\",\"name\":\"C\u00e9cile Plaisance\",\"description\":\"Official Website\",\"potentialAction\":[{\"@type\":\"SearchAction\",\"target\":{\"@type\":\"EntryPoint\",\"urlTemplate\":\"https:\/\/www.cecileplaisance.com\/shop\/?s={search_term_string}\"},\"query-input\":\"required name=search_term_string\"}],\"inLanguage\":\"fr-FR\"},{\"@type\":\"ImageObject\",\"inLanguage\":\"fr-FR\",\"@id\":\"https:\/\/www.cecileplaisance.com\/shop\/produit\/into-the-wild-ed-2022\/#primaryimage\",\"url\":\"https:\/\/i0.wp.com\/www.cecileplaisance.com\/shop\/wp-content\/uploads\/couv-site-2000x2000-72dpi_DSC6698.jpg?fit=2000%2C2000&ssl=1\",\"contentUrl\":\"https:\/\/i0.wp.com\/www.cecileplaisance.com\/shop\/wp-content\/uploads\/couv-site-2000x2000-72dpi_DSC6698.jpg?fit=2000%2C2000&ssl=1\",\"width\":2000,\"height\":2000},{\"@type\":\"WebPage\",\"@id\":\"https:\/\/www.cecileplaisance.com\/shop\/produit\/into-the-wild-ed-2022\/#webpage\",\"url\":\"https:\/\/www.cecileplaisance.com\/shop\/produit\/into-the-wild-ed-2022\/\",\"name\":\"Into the Wild 2022 - C\u00e9cile Plaisance\",\"isPartOf\":{\"@id\":\"https:\/\/www.cecileplaisance.com\/shop\/#website\"},\"primaryImageOfPage\":{\"@id\":\"https:\/\/www.cecileplaisance.com\/shop\/produit\/into-the-wild-ed-2022\/#primaryimage\"},\"datePublished\":\"2022-06-02T12:59:25+00:00\",\"dateModified\":\"2025-12-19T09:50:19+00:00\",\"breadcrumb\":{\"@id\":\"https:\/\/www.cecileplaisance.com\/shop\/produit\/into-the-wild-ed-2022\/#breadcrumb\"},\"inLanguage\":\"fr-FR\",\"potentialAction\":[{\"@type\":\"ReadAction\",\"target\":[\"https:\/\/www.cecileplaisance.com\/shop\/produit\/into-the-wild-ed-2022\/\"]}]},{\"@type\":\"BreadcrumbList\",\"@id\":\"https:\/\/www.cecileplaisance.com\/shop\/produit\/into-the-wild-ed-2022\/#breadcrumb\",\"itemListElement\":[{\"@type\":\"ListItem\",\"position\":1,\"name\":\"Accueil\",\"item\":\"https:\/\/www.cecileplaisance.com\/shop\/\"},{\"@type\":\"ListItem\",\"position\":2,\"name\":\"Into the Wild 2022\"}]}]}<\/script>\n<!-- \/ Yoast SEO plugin. -->","yoast_head_json":{"title":"Into the Wild 2022 - C\u00e9cile Plaisance","robots":{"index":"index","follow":"follow","max-snippet":"max-snippet:-1","max-image-preview":"max-image-preview:large","max-video-preview":"max-video-preview:-1"},"canonical":"https:\/\/www.cecileplaisance.com\/shop\/produit\/into-the-wild-ed-2022\/","og_locale":"fr_FR","og_type":"article","og_title":"Into the Wild 2022 - C\u00e9cile Plaisance","og_description":"C\u00e9cile Plaisance montre dans ce livre son engagement \u00e9cologique avec ses nouvelles s\u00e9ries de photographies en noir et blanc prises en Afrique du Sud et en Islande, o\u00f9 elle immerge avec justesse dans une nature malheureusement en danger, ses muses, Olga Kent ou Marisa Papen, libres et en parfaite osmose avec la faune sauvage. C\u00e9cile Plaisance shows in this book...","og_url":"https:\/\/www.cecileplaisance.com\/shop\/produit\/into-the-wild-ed-2022\/","og_site_name":"C\u00e9cile Plaisance","article_modified_time":"2025-12-19T09:50:19+00:00","og_image":[{"width":1024,"height":1024,"url":"https:\/\/www.cecileplaisance.com\/shop\/wp-content\/uploads\/couv-site-2000x2000-72dpi_DSC6698-1024x1024.jpg","type":"image\/jpeg"}],"twitter_card":"summary_large_image","twitter_misc":{"Dur\u00e9e de lecture estim\u00e9e":"1 minute"},"schema":{"@context":"https:\/\/schema.org","@graph":[{"@type":"WebSite","@id":"https:\/\/www.cecileplaisance.com\/shop\/#website","url":"https:\/\/www.cecileplaisance.com\/shop\/","name":"C\u00e9cile Plaisance","description":"Official Website","potentialAction":[{"@type":"SearchAction","target":{"@type":"EntryPoint","urlTemplate":"https:\/\/www.cecileplaisance.com\/shop\/?s={search_term_string}"},"query-input":"required name=search_term_string"}],"inLanguage":"fr-FR"},{"@type":"ImageObject","inLanguage":"fr-FR","@id":"https:\/\/www.cecileplaisance.com\/shop\/produit\/into-the-wild-ed-2022\/#primaryimage","url":"https:\/\/i0.wp.com\/www.cecileplaisance.com\/shop\/wp-content\/uploads\/couv-site-2000x2000-72dpi_DSC6698.jpg?fit=2000%2C2000&ssl=1","contentUrl":"https:\/\/i0.wp.com\/www.cecileplaisance.com\/shop\/wp-content\/uploads\/couv-site-2000x2000-72dpi_DSC6698.jpg?fit=2000%2C2000&ssl=1","width":2000,"height":2000},{"@type":"WebPage","@id":"https:\/\/www.cecileplaisance.com\/shop\/produit\/into-the-wild-ed-2022\/#webpage","url":"https:\/\/www.cecileplaisance.com\/shop\/produit\/into-the-wild-ed-2022\/","name":"Into the Wild 2022 - C\u00e9cile Plaisance","isPartOf":{"@id":"https:\/\/www.cecileplaisance.com\/shop\/#website"},"primaryImageOfPage":{"@id":"https:\/\/www.cecileplaisance.com\/shop\/produit\/into-the-wild-ed-2022\/#primaryimage"},"datePublished":"2022-06-02T12:59:25+00:00","dateModified":"2025-12-19T09:50:19+00:00","breadcrumb":{"@id":"https:\/\/www.cecileplaisance.com\/shop\/produit\/into-the-wild-ed-2022\/#breadcrumb"},"inLanguage":"fr-FR","potentialAction":[{"@type":"ReadAction","target":["https:\/\/www.cecileplaisance.com\/shop\/produit\/into-the-wild-ed-2022\/"]}]},{"@type":"BreadcrumbList","@id":"https:\/\/www.cecileplaisance.com\/shop\/produit\/into-the-wild-ed-2022\/#breadcrumb","itemListElement":[{"@type":"ListItem","position":1,"name":"Accueil","item":"https:\/\/www.cecileplaisance.com\/shop\/"},{"@type":"ListItem","position":2,"name":"Into the Wild 2022"}]}]}},"_links":{"self":[{"href":"https:\/\/www.cecileplaisance.com\/shop\/wp-json\/wp\/v2\/product\/60","targetHints":{"allow":["GET"]}}],"collection":[{"href":"https:\/\/www.cecileplaisance.com\/shop\/wp-json\/wp\/v2\/product"}],"about":[{"href":"https:\/\/www.cecileplaisance.com\/shop\/wp-json\/wp\/v2\/types\/product"}],"wp:featuredmedia":[{"embeddable":true,"href":"https:\/\/www.cecileplaisance.com\/shop\/wp-json\/wp\/v2\/media\/61"}],"wp:attachment":[{"href":"https:\/\/www.cecileplaisance.com\/shop\/wp-json\/wp\/v2\/media?parent=60"}],"wp:term":[{"taxonomy":"product_cat","embeddable":true,"href":"https:\/\/www.cecileplaisance.com\/shop\/wp-json\/wp\/v2\/product_cat?post=60"},{"taxonomy":"product_tag","embeddable":true,"href":"https:\/\/www.cecileplaisance.com\/shop\/wp-json\/wp\/v2\/product_tag?post=60"}],"curies":[{"name":"wp","href":"https:\/\/api.w.org\/{rel}","templated":true}]}}